{"id":29,"date":"2024-09-23T16:13:26","date_gmt":"2024-09-23T14:13:26","guid":{"rendered":"https:\/\/www.mysophrocultrice.fr\/?page_id=29"},"modified":"2024-09-23T16:32:17","modified_gmt":"2024-09-23T14:32:17","slug":"qui-suis-je","status":"publish","type":"page","link":"https:\/\/www.mysophrocultrice.fr\/index.php\/qui-suis-je\/","title":{"rendered":"Qui suis-je ?"},"content":{"rendered":"\t\t<div data-elementor-type=\"wp-page\" data-elementor-id=\"29\" class=\"elementor elementor-29\">\n\t\t\t\t<div class=\"elementor-element elementor-element-69c8d3a e-flex e-con-boxed e-con e-parent\" data-id=\"69c8d3a\" data-element_type=\"container\">\n\t\t\t\t\t<div class=\"e-con-inner\">\n\t\t<div class=\"elementor-element elementor-element-f0bdc79 e-con-full e-flex e-con e-child\" data-id=\"f0bdc79\" data-element_type=\"container\">\n\t\t\t\t<div class=\"elementor-element elementor-element-8fcac97 elementor-widget elementor-widget-image\" data-id=\"8fcac97\" data-element_type=\"widget\" data-widget_type=\"image.default\">\n\t\t\t\t<div class=\"elementor-widget-container\">\n\t\t\t\t\t\t\t\t\t\t\t\t\t\t\t<img fetchpriority=\"high\" decoding=\"async\" width=\"723\" height=\"1024\" src=\"https:\/\/www.mysophrocultrice.fr\/wp-content\/uploads\/2024\/09\/lidya-nada-tXz6g8JYYoI-unsplash-723x1024.jpg\" class=\"attachment-large size-large wp-image-34\" alt=\"\" srcset=\"https:\/\/www.mysophrocultrice.fr\/wp-content\/uploads\/2024\/09\/lidya-nada-tXz6g8JYYoI-unsplash-723x1024.jpg 723w, https:\/\/www.mysophrocultrice.fr\/wp-content\/uploads\/2024\/09\/lidya-nada-tXz6g8JYYoI-unsplash-212x300.jpg 212w, https:\/\/www.mysophrocultrice.fr\/wp-content\/uploads\/2024\/09\/lidya-nada-tXz6g8JYYoI-unsplash.jpg 758w\" sizes=\"100vw\" \/>\t\t\t\t\t\t\t\t\t\t\t\t\t\t\t<\/div>\n\t\t\t\t<\/div>\n\t\t\t\t<\/div>\n\t\t<div class=\"elementor-element elementor-element-d8002e8 e-con-full e-flex e-con e-child\" data-id=\"d8002e8\" data-element_type=\"container\">\n\t\t\t\t<div class=\"elementor-element elementor-element-ea0ddb8 elementor-widget elementor-widget-text-editor\" data-id=\"ea0ddb8\" data-element_type=\"widget\" data-widget_type=\"text-editor.default\">\n\t\t\t\t<div class=\"elementor-widget-container\">\n\t\t\t\t\t\t\t\t\t<p style=\"line-height: 100%; margin-bottom: 0cm;\"><span style=\"font-family: Calibri, sans-serif;\">Depuis toujours et avant m\u00eame qu\u2019elle ne soit reconnue comme aujourd\u2019hui, je connais et pratique la sophrologie. <span style=\"background: transparent;\">C\u2019est <\/span><span style=\"background: transparent;\">un formidable outil qui a les avantages d\u2019\u00eatre simple \u00e0 mettre en \u0153uvre, accessible et tr\u00e8s efficace\u00a0! <\/span>Elle m\u2019a souvent soutenue et permis de traverser les \u00e9preuves de la vie plus sereinement.<br \/><\/span><span style=\"font-family: Calibri, sans-serif;\">D\u2019autre part, la relation d\u2019aide est au c\u0153ur de mes valeurs personnelles.<br \/><\/span><span style=\"font-family: Calibri, sans-serif;\">\u00c0 travers mes diff\u00e9rentes fonctions, apporter mon aide et mon soutien \u00e0 ceux qui en avaient besoin tout en pr\u00e9servant leur autonomie et dans le respect de leur singularit\u00e9 est rest\u00e9 un moteur.<br \/><\/span><span style=\"font-family: Calibri, sans-serif;\">La crise Covid a, comme pour tant d\u2019autres, bouscul\u00e9 mes convictions et projets. Une reconversion professionnelle m\u2019est alors apparue comme la meilleure voie vers une vie plus en phase avec ma conception de l\u2019accompagnement.<\/span><\/p>\n<p style=\"line-height: 100%; margin-bottom: 0cm;\"><span style=\"font-family: Calibri, sans-serif;\">J&#8217;ai r\u00e9alis\u00e9 que je pouvais accomplir ce qui me motive finalement depuis toujours &#8211; mettre mon \u00e9nergie et mes capacit\u00e9s au service de l&#8217;autre, afin de l&#8217;accompagner dans son chemin vers ce mieux-\u00eatre auquel tout \u00e0 chacun aspire &#8211; gr\u00e2ce \u00e0 la sophrologie !<\/span><\/p>\n<p style=\"line-height: 100%; margin-bottom: 0cm;\"><span style=\"font-family: Calibri, sans-serif;\">Personnellement sensible et concern\u00e9e par la douleur chronique, la vie d&#8217;aidant.e comme d&#8217;aid\u00e9.e et le monde aux innombrables nuances des personnalit\u00e9s atypiques, je porte une attention particuli\u00e8re et profonde \u00e0 ceux qui en traversent les difficult\u00e9s.<\/span><\/p>\n<p style=\"line-height: 100%; margin-bottom: 0cm;\"><span style=\"font-family: Calibri, sans-serif;\">De plus, 30 ann\u00e9es pass\u00e9es \u00e0 travailler pour diff\u00e9rentes organisations, m&#8217;ont permis de r\u00e9aliser que la qualit\u00e9 de vie au travail de leur diff\u00e9rents acteurs pourrait \u00eatre grandement am\u00e9lior\u00e9e par un bien-\u00eatre, une meilleure communication ou encore un esprit collectif retrouv\u00e9s.<\/span><\/p>\n<p style=\"line-height: 100%; margin-bottom: 0cm;\"><span style=\"font-family: Calibri, sans-serif;\">Aujourd&#8217;hui, ma mission et ma joie sont de propager, faire conna\u00eetre et pratiquer la sophrologie au plus grand nombre, sans jugement et dans la bienveillance, pour en diffuser les innombrables bienfaits et b\u00e9n\u00e9fices.<\/span><\/p>\n<p style=\"line-height: 100%; margin-bottom: 0cm;\">\u00a0<\/p>\n<p style=\"line-height: 100%; margin-bottom: 0cm;\" align=\"justify\">\u00a0<\/p>\n<p style=\"line-height: 100%; margin-bottom: 0cm;\" align=\"justify\">\u00a0<\/p>\n<p style=\"line-height: 100%; margin-bottom: 0cm;\" align=\"justify\">\u00a0<\/p>\n<p style=\"line-height: 100%; margin-bottom: 0cm;\" align=\"justify\">\u00a0<\/p>\n<p style=\"line-height: 100%; margin-bottom: 0cm;\" align=\"justify\">\u00a0<\/p>\n<p style=\"line-height: 100%; margin-bottom: 0cm;\" align=\"justify\">\u00a0<\/p>\n<p style=\"line-height: 100%; margin-bottom: 0cm;\" align=\"justify\">\u00a0<\/p>\n<p style=\"line-height: 100%; margin-bottom: 0cm;\" align=\"justify\">\u00a0<\/p>\n<p style=\"line-height: 100%; margin-bottom: 0cm;\" align=\"justify\">\u00a0<\/p>\n<p style=\"line-height: 100%; margin-bottom: 0cm;\" align=\"justify\">\u00a0<\/p>\n<p style=\"line-height: 100%; margin-bottom: 0cm;\" align=\"justify\">\u00a0<\/p>\n<p style=\"line-height: 100%; margin-bottom: 0cm;\" align=\"justify\">\u00a0<\/p>\n<p style=\"line-height: 100%; margin-bottom: 0cm;\" align=\"justify\">\u00a0<\/p>\t\t\t\t\t\t\t\t<\/div>\n\t\t\t\t<\/div>\n\t\t\t\t<\/div>\n\t\t\t\t\t<\/div>\n\t\t\t\t<\/div>\n\t\t\t\t<\/div>\n\t\t","protected":false},"excerpt":{"rendered":"<p>Depuis toujours et avant m\u00eame qu\u2019elle ne soit reconnue comme aujourd\u2019hui, je connais et pratique la sophrologie. C\u2019est un formidable outil qui a les avantages d\u2019\u00eatre simple \u00e0 mettre en \u0153uvre, accessible et tr\u00e8s efficace\u00a0! Elle m\u2019a souvent soutenue et permis de traverser les \u00e9preuves de la vie plus sereinement.D\u2019autre part, la relation d\u2019aide est &hellip; <\/p>\n<p class=\"link-more\"><a href=\"https:\/\/www.mysophrocultrice.fr\/index.php\/qui-suis-je\/\" class=\"more-link\">Continue reading<span class=\"screen-reader-text\"> &#8220;Qui suis-je ?&#8221;<\/span><\/a><\/p>\n","protected":false},"author":1,"featured_media":0,"parent":0,"menu_order":0,"comment_status":"closed","ping_status":"closed","template":"","meta":{"footnotes":""},"class_list":["post-29","page","type-page","status-publish","hentry"],"_links":{"self":[{"href":"https:\/\/www.mysophrocultrice.fr\/index.php\/wp-json\/wp\/v2\/pages\/29","targetHints":{"allow":["GET"]}}],"collection":[{"href":"https:\/\/www.mysophrocultrice.fr\/index.php\/wp-json\/wp\/v2\/pages"}],"about":[{"href":"https:\/\/www.mysophrocultrice.fr\/index.php\/wp-json\/wp\/v2\/types\/page"}],"author":[{"embeddable":true,"href":"https:\/\/www.mysophrocultrice.fr\/index.php\/wp-json\/wp\/v2\/users\/1"}],"replies":[{"embeddable":true,"href":"https:\/\/www.mysophrocultrice.fr\/index.php\/wp-json\/wp\/v2\/comments?post=29"}],"version-history":[{"count":15,"href":"https:\/\/www.mysophrocultrice.fr\/index.php\/wp-json\/wp\/v2\/pages\/29\/revisions"}],"predecessor-version":[{"id":120,"href":"https:\/\/www.mysophrocultrice.fr\/index.php\/wp-json\/wp\/v2\/pages\/29\/revisions\/120"}],"wp:attachment":[{"href":"https:\/\/www.mysophrocultrice.fr\/index.php\/wp-json\/wp\/v2\/media?parent=29"}],"curies":[{"name":"wp","href":"https:\/\/api.w.org\/{rel}","templated":true}]}}