{"id":67,"date":"2024-09-23T17:16:28","date_gmt":"2024-09-23T15:16:28","guid":{"rendered":"https:\/\/www.mysophrocultrice.fr\/?page_id=67"},"modified":"2024-09-24T12:14:26","modified_gmt":"2024-09-24T10:14:26","slug":"ethique-deontologie-et-contrat-therapeutique","status":"publish","type":"page","link":"https:\/\/www.mysophrocultrice.fr\/index.php\/ethique-deontologie-et-contrat-therapeutique\/","title":{"rendered":"Ethique, d\u00e9ontologie et contrat th\u00e9rapeutique"},"content":{"rendered":"\t\t<div data-elementor-type=\"wp-page\" data-elementor-id=\"67\" class=\"elementor elementor-67\">\n\t\t\t\t<div class=\"elementor-element elementor-element-37af3ab e-flex e-con-boxed e-con e-parent\" data-id=\"37af3ab\" data-element_type=\"container\">\n\t\t\t\t\t<div class=\"e-con-inner\">\n\t\t\t\t<div class=\"elementor-element elementor-element-83ed8ec elementor-widget elementor-widget-text-editor\" data-id=\"83ed8ec\" data-element_type=\"widget\" data-widget_type=\"text-editor.default\">\n\t\t\t\t<div class=\"elementor-widget-container\">\n\t\t\t\t\t\t\t\t\t<p><span style=\"color: var( --e-global-color-text ); font-family: var( --e-global-typography-text-font-family ), Sans-serif; font-weight: var( --e-global-typography-text-font-weight ); text-align: var(--text-align); font-size: 1rem;\">En tant que sophrologue et professionnelle de la relation d&#8217;aide, je m&#8217;engage \u00e0 respecter une ligne de conduite pr\u00e9cise et rigoureuse afin d&#8217;\u00e9tablir avec mes clients :<\/span><\/p><ul><li><span style=\"color: var( --e-global-color-text ); font-family: var( --e-global-typography-text-font-family ), Sans-serif; font-weight: var( --e-global-typography-text-font-weight ); text-align: var(--text-align); font-size: 1rem;\">une relation authentique bas\u00e9e sur la confiance,<\/span><\/li><li><span style=\"color: var( --e-global-color-text ); font-family: var( --e-global-typography-text-font-family ), Sans-serif; font-weight: var( --e-global-typography-text-font-weight ); text-align: var(--text-align); font-size: 1rem;\">un climat d&#8217;\u00e9coute propice \u00e0 l&#8217;expression libre,<\/span><\/li><li><span style=\"color: var( --e-global-color-text ); font-family: var( --e-global-typography-text-font-family ), Sans-serif; font-weight: var( --e-global-typography-text-font-weight ); text-align: var(--text-align); font-size: 1rem;\">un espace o\u00f9 chacun, quelque soit son \u00e2ge, son origine, son identit\u00e9 sexuelle, sa religion&#8230; puisse optimiser ses capacit\u00e9s et d\u00e9velopper une vie sereine et positive gr\u00e2ce \u00e0 la sophrologie.<\/span><\/li><\/ul><p>J&#8217;adh\u00e8re et ob\u00e9is au Code de D\u00e9ontologie du Centre de Formation Formaqui\u00e9tude qui m&#8217;a form\u00e9e ainsi qu&#8217;\u00e0 celui de la Chambre Syndicale de la Sophrologie.<\/p>\t\t\t\t\t\t\t\t<\/div>\n\t\t\t\t<\/div>\n\t\t\t\t<div class=\"elementor-element elementor-element-23b2458 elementor-widget elementor-widget-image\" data-id=\"23b2458\" data-element_type=\"widget\" data-widget_type=\"image.default\">\n\t\t\t\t<div class=\"elementor-widget-container\">\n\t\t\t\t\t\t\t\t\t\t\t\t<figure class=\"wp-caption\">\n\t\t\t\t\t\t\t\t\t\t<img fetchpriority=\"high\" decoding=\"async\" width=\"740\" height=\"555\" src=\"https:\/\/www.mysophrocultrice.fr\/wp-content\/uploads\/2024\/09\/liane-metzler-B32qg6Ua34Y-unsplash-1024x768.jpg\" class=\"attachment-large size-large wp-image-69\" alt=\"\" srcset=\"https:\/\/www.mysophrocultrice.fr\/wp-content\/uploads\/2024\/09\/liane-metzler-B32qg6Ua34Y-unsplash-1024x768.jpg 1024w, https:\/\/www.mysophrocultrice.fr\/wp-content\/uploads\/2024\/09\/liane-metzler-B32qg6Ua34Y-unsplash-300x225.jpg 300w, https:\/\/www.mysophrocultrice.fr\/wp-content\/uploads\/2024\/09\/liane-metzler-B32qg6Ua34Y-unsplash-768x576.jpg 768w, https:\/\/www.mysophrocultrice.fr\/wp-content\/uploads\/2024\/09\/liane-metzler-B32qg6Ua34Y-unsplash-1536x1152.jpg 1536w, https:\/\/www.mysophrocultrice.fr\/wp-content\/uploads\/2024\/09\/liane-metzler-B32qg6Ua34Y-unsplash-2048x1536.jpg 2048w\" sizes=\"100vw\" \/>\t\t\t\t\t\t\t\t\t\t\t<figcaption class=\"widget-image-caption wp-caption-text\">Photo de <a href=\"https:\/\/unsplash.com\/fr\/@liane?utm_content=creditCopyText&amp;utm_medium=referral&amp;utm_source=unsplash\">Liane Metzler<\/a> sur <a href=\"https:\/\/unsplash.com\/fr\/photos\/photographie-des-mains-denfant-et-de-parent-B32qg6Ua34Y?utm_content=creditCopyText&amp;utm_medium=referral&amp;utm_source=unsplash\">Unsplash<\/a>\n  <\/figcaption>\n\t\t\t\t\t\t\t\t\t\t<\/figure>\n\t\t\t\t\t\t\t\t\t<\/div>\n\t\t\t\t<\/div>\n\t\t\t\t\t<\/div>\n\t\t\t\t<\/div>\n\t\t<div class=\"elementor-element elementor-element-8d86eaa e-flex e-con-boxed e-con e-parent\" data-id=\"8d86eaa\" data-element_type=\"container\">\n\t\t\t\t\t<div class=\"e-con-inner\">\n\t\t\t\t<div class=\"elementor-element elementor-element-f5d3f5c elementor-widget elementor-widget-button\" data-id=\"f5d3f5c\" data-element_type=\"widget\" data-widget_type=\"button.default\">\n\t\t\t\t<div class=\"elementor-widget-container\">\n\t\t\t\t\t\t\t\t\t<div class=\"elementor-button-wrapper\">\n\t\t\t\t\t<a class=\"elementor-button elementor-button-link elementor-size-sm elementor-animation-grow\" href=\"https:\/\/www.chambre-syndicale-sophrologie.fr\/deontologie-sophrologie\/\" target=\"_blank\">\n\t\t\t\t\t\t<span class=\"elementor-button-content-wrapper\">\n\t\t\t\t\t\t\t\t\t<span class=\"elementor-button-text\">Code de d\u00e9ontologie du sophrologue<\/span>\n\t\t\t\t\t<\/span>\n\t\t\t\t\t<\/a>\n\t\t\t\t<\/div>\n\t\t\t\t\t\t\t\t<\/div>\n\t\t\t\t<\/div>\n\t\t\t\t\t<\/div>\n\t\t\t\t<\/div>\n\t\t<div class=\"elementor-element elementor-element-fed6071 e-flex e-con-boxed e-con e-parent\" data-id=\"fed6071\" data-element_type=\"container\">\n\t\t\t\t\t<div class=\"e-con-inner\">\n\t\t\t\t<div class=\"elementor-element elementor-element-ac4ee74 elementor-widget elementor-widget-text-editor\" data-id=\"ac4ee74\" data-element_type=\"widget\" data-widget_type=\"text-editor.default\">\n\t\t\t\t<div class=\"elementor-widget-container\">\n\t\t\t\t\t\t\t\t\t<p><b><br><\/b><\/p><p><b>Je ne suis pas m\u00e9decin et en aucun cas, je ne me substitue aux professionnels de sant\u00e9 ! <br>Je n&#8217;\u00e9tablis ni diagnostic, ni prescription et n&#8217;interf\u00e8re pas avec les traitement m\u00e9dicaux <br>que je viens soutenir, compl\u00e9ter ou accompagner.<\/b><\/p>\t\t\t\t\t\t\t\t<\/div>\n\t\t\t\t<\/div>\n\t\t\t\t\t<\/div>\n\t\t\t\t<\/div>\n\t\t<div class=\"elementor-element elementor-element-14d4589 e-flex e-con-boxed e-con e-parent\" data-id=\"14d4589\" data-element_type=\"container\">\n\t\t\t\t\t<div class=\"e-con-inner\">\n\t\t\t\t<div class=\"elementor-element elementor-element-5974982 elementor-widget elementor-widget-text-editor\" data-id=\"5974982\" data-element_type=\"widget\" data-widget_type=\"text-editor.default\">\n\t\t\t\t<div class=\"elementor-widget-container\">\n\t\t\t\t\t\t\t\t\t<p>Je ne prend pas seule en charge les personnes atteintes de troubles psychotiques ou d&#8217;addiction.<\/p><p>J&#8217;accompagne les adolescents \u00e0 partir de 12 ans et pr\u00e9f\u00e8re orienter les enfants plus jeunes vers d&#8217;autres professionnel mais leurs parents sont les bienvenus, notamment dans le cadre du soutien \u00e0 la parentalit\u00e9.<\/p>\t\t\t\t\t\t\t\t<\/div>\n\t\t\t\t<\/div>\n\t\t\t\t\t<\/div>\n\t\t\t\t<\/div>\n\t\t<div class=\"elementor-element elementor-element-9409c9b e-flex e-con-boxed e-con e-parent\" data-id=\"9409c9b\" data-element_type=\"container\">\n\t\t\t\t\t<div class=\"e-con-inner\">\n\t\t\t\t<div class=\"elementor-element elementor-element-39b40e5 elementor-widget elementor-widget-image\" data-id=\"39b40e5\" data-element_type=\"widget\" data-widget_type=\"image.default\">\n\t\t\t\t<div class=\"elementor-widget-container\">\n\t\t\t\t\t\t\t\t\t\t\t\t<figure class=\"wp-caption\">\n\t\t\t\t\t\t\t\t\t\t<img decoding=\"async\" width=\"300\" height=\"201\" src=\"https:\/\/www.mysophrocultrice.fr\/wp-content\/uploads\/2024\/09\/paulius-dragunas-uw_NWjC1mBE-unsplash-300x201.jpg\" class=\"attachment-medium size-medium wp-image-70\" alt=\"\" srcset=\"https:\/\/www.mysophrocultrice.fr\/wp-content\/uploads\/2024\/09\/paulius-dragunas-uw_NWjC1mBE-unsplash-300x201.jpg 300w, https:\/\/www.mysophrocultrice.fr\/wp-content\/uploads\/2024\/09\/paulius-dragunas-uw_NWjC1mBE-unsplash-1024x686.jpg 1024w, https:\/\/www.mysophrocultrice.fr\/wp-content\/uploads\/2024\/09\/paulius-dragunas-uw_NWjC1mBE-unsplash-768x515.jpg 768w, https:\/\/www.mysophrocultrice.fr\/wp-content\/uploads\/2024\/09\/paulius-dragunas-uw_NWjC1mBE-unsplash-1536x1030.jpg 1536w, https:\/\/www.mysophrocultrice.fr\/wp-content\/uploads\/2024\/09\/paulius-dragunas-uw_NWjC1mBE-unsplash-2048x1373.jpg 2048w\" sizes=\"100vw\" \/>\t\t\t\t\t\t\t\t\t\t\t<figcaption class=\"widget-image-caption wp-caption-text\">Photo de <a href=\"https:\/\/unsplash.com\/fr\/@paulius005?utm_content=creditCopyText&amp;utm_medium=referral&amp;utm_source=unsplash\">Paulius Dragunas<\/a> sur <a href=\"https:\/\/unsplash.com\/fr\/photos\/cadenas-turquoise-sur-cloture-a-maillons-uw_NWjC1mBE?utm_content=creditCopyText&amp;utm_medium=referral&amp;utm_source=unsplash\">Unsplash<\/a>\n  <\/figcaption>\n\t\t\t\t\t\t\t\t\t\t<\/figure>\n\t\t\t\t\t\t\t\t\t<\/div>\n\t\t\t\t<\/div>\n\t\t\t\t<div class=\"elementor-element elementor-element-edb9364 elementor-widget elementor-widget-text-editor\" data-id=\"edb9364\" data-element_type=\"widget\" data-widget_type=\"text-editor.default\">\n\t\t\t\t<div class=\"elementor-widget-container\">\n\t\t\t\t\t\t\t\t\t<p>Afin de prot\u00e9ger les donn\u00e9es personnelles de mes clients, je m&#8217;engage \u00e0 respecter le R\u00e8glement G\u00e9n\u00e9ral sur la Protection des Donn\u00e9es (RGPD) de 2016 dans lequel l&#8217;Union Europ\u00e9enne fixe les r\u00e8gles pour encadrer le traitement des donn\u00e9es des personnes physiques (<i>cf. CGU<\/i>).<\/p>\t\t\t\t\t\t\t\t<\/div>\n\t\t\t\t<\/div>\n\t\t\t\t\t<\/div>\n\t\t\t\t<\/div>\n\t\t<div class=\"elementor-element elementor-element-d51a68e e-flex e-con-boxed e-con e-parent\" data-id=\"d51a68e\" data-element_type=\"container\">\n\t\t\t\t\t<div class=\"e-con-inner\">\n\t\t<div class=\"elementor-element elementor-element-8189478 e-con-full e-flex e-con e-child\" data-id=\"8189478\" data-element_type=\"container\">\n\t\t\t\t<div class=\"elementor-element elementor-element-110a2b2 elementor-widget elementor-widget-text-editor\" data-id=\"110a2b2\" data-element_type=\"widget\" data-widget_type=\"text-editor.default\">\n\t\t\t\t<div class=\"elementor-widget-container\">\n\t\t\t\t\t\t\t\t\t<p><br><\/p><p>En termes de Responsabilit\u00e9 Soci\u00e9tale des Entreprise (RSE) et pour poursuivre mon engagement personnel, j&#8217;ai choisi d&#8217;int\u00e9grer \u00e0 mes activit\u00e9s professionnelles des pratiques plus \u00e9thiques et durables pour contribuer \u00e0 l&#8217;am\u00e9lioration de la soci\u00e9t\u00e9 et \u00e0 la protection de l&#8217;environnement, notamment en effectuant mes d\u00e9placements en v\u00e9hicule \u00e9lectrique recharg\u00e9 par des panneaux solaires.<\/p>\t\t\t\t\t\t\t\t<\/div>\n\t\t\t\t<\/div>\n\t\t\t\t<\/div>\n\t\t<div class=\"elementor-element elementor-element-04510ca e-con-full e-flex e-con e-child\" data-id=\"04510ca\" data-element_type=\"container\">\n\t\t\t\t<div class=\"elementor-element elementor-element-6bdd2bd elementor-widget elementor-widget-image\" data-id=\"6bdd2bd\" data-element_type=\"widget\" data-widget_type=\"image.default\">\n\t\t\t\t<div class=\"elementor-widget-container\">\n\t\t\t\t\t\t\t\t\t\t\t\t<figure class=\"wp-caption\">\n\t\t\t\t\t\t\t\t\t\t<img decoding=\"async\" width=\"740\" height=\"592\" src=\"https:\/\/www.mysophrocultrice.fr\/wp-content\/uploads\/2024\/09\/sustainable-development-goals-still-life-1024x819.jpg\" class=\"attachment-large size-large wp-image-71\" alt=\"\" srcset=\"https:\/\/www.mysophrocultrice.fr\/wp-content\/uploads\/2024\/09\/sustainable-development-goals-still-life-1024x819.jpg 1024w, https:\/\/www.mysophrocultrice.fr\/wp-content\/uploads\/2024\/09\/sustainable-development-goals-still-life-300x240.jpg 300w, https:\/\/www.mysophrocultrice.fr\/wp-content\/uploads\/2024\/09\/sustainable-development-goals-still-life-768x614.jpg 768w, https:\/\/www.mysophrocultrice.fr\/wp-content\/uploads\/2024\/09\/sustainable-development-goals-still-life-1536x1229.jpg 1536w, https:\/\/www.mysophrocultrice.fr\/wp-content\/uploads\/2024\/09\/sustainable-development-goals-still-life-2048x1638.jpg 2048w\" sizes=\"100vw\" \/>\t\t\t\t\t\t\t\t\t\t\t<figcaption class=\"widget-image-caption wp-caption-text\"><a href=\"https:\/\/fr.freepik.com\/photos-gratuite\/objectifs-developpement-durable-nature-morte_38687410.htm#fromView=search&amp;page=1&amp;position=26&amp;uuid=9dcebb01-ff21-4f90-9431-cc8eaa48e77d\">Image de freepik<\/a><\/figcaption>\n\t\t\t\t\t\t\t\t\t\t<\/figure>\n\t\t\t\t\t\t\t\t\t<\/div>\n\t\t\t\t<\/div>\n\t\t\t\t<\/div>\n\t\t\t\t\t<\/div>\n\t\t\t\t<\/div>\n\t\t<div class=\"elementor-element elementor-element-3706a9d e-flex e-con-boxed e-con e-parent\" data-id=\"3706a9d\" data-element_type=\"container\">\n\t\t\t\t\t<div class=\"e-con-inner\">\n\t\t<div class=\"elementor-element elementor-element-47831f1 e-con-full e-flex e-con e-child\" data-id=\"47831f1\" data-element_type=\"container\">\n\t\t\t\t<div class=\"elementor-element elementor-element-7e3ac92 elementor-widget__width-inherit elementor-widget elementor-widget-image\" data-id=\"7e3ac92\" data-element_type=\"widget\" data-widget_type=\"image.default\">\n\t\t\t\t<div class=\"elementor-widget-container\">\n\t\t\t\t\t\t\t\t\t\t\t\t\t\t\t<img loading=\"lazy\" decoding=\"async\" width=\"683\" height=\"1024\" src=\"https:\/\/www.mysophrocultrice.fr\/wp-content\/uploads\/2024\/09\/sincerely-media-EtyBBUByPSQ-unsplash-683x1024.jpg\" class=\"attachment-large size-large wp-image-72\" alt=\"\" srcset=\"https:\/\/www.mysophrocultrice.fr\/wp-content\/uploads\/2024\/09\/sincerely-media-EtyBBUByPSQ-unsplash-683x1024.jpg 683w, https:\/\/www.mysophrocultrice.fr\/wp-content\/uploads\/2024\/09\/sincerely-media-EtyBBUByPSQ-unsplash-200x300.jpg 200w, https:\/\/www.mysophrocultrice.fr\/wp-content\/uploads\/2024\/09\/sincerely-media-EtyBBUByPSQ-unsplash-768x1152.jpg 768w, https:\/\/www.mysophrocultrice.fr\/wp-content\/uploads\/2024\/09\/sincerely-media-EtyBBUByPSQ-unsplash-1024x1536.jpg 1024w, https:\/\/www.mysophrocultrice.fr\/wp-content\/uploads\/2024\/09\/sincerely-media-EtyBBUByPSQ-unsplash-1365x2048.jpg 1365w, https:\/\/www.mysophrocultrice.fr\/wp-content\/uploads\/2024\/09\/sincerely-media-EtyBBUByPSQ-unsplash-scaled.jpg 1707w\" sizes=\"100vw\" \/>\t\t\t\t\t\t\t\t\t\t\t\t\t\t\t<\/div>\n\t\t\t\t<\/div>\n\t\t\t\t<\/div>\n\t\t\t\t<div class=\"elementor-element elementor-element-2a3d632 elementor-widget__width-inherit elementor-widget elementor-widget-text-editor\" data-id=\"2a3d632\" data-element_type=\"widget\" data-widget_type=\"text-editor.default\">\n\t\t\t\t<div class=\"elementor-widget-container\">\n\t\t\t\t\t\t\t\t\t<p>J&#8217;\u00e9tablis avec chacun de mes clients, un <b>contrat th\u00e9rapeutique<\/b>. Qu&#8217;il soit \u00e9crit ou simplement verbal, cet accord nous engage moralement, nous soumet \u00e0 des r\u00e8gles et obligations r\u00e9ciproques et peut \u00eatre r\u00e9ajust\u00e9 s&#8217;il y a lieu.<br><span style=\"color: var( --e-global-color-text ); font-family: var( --e-global-typography-text-font-family ), Sans-serif; font-weight: var( --e-global-typography-text-font-weight ); font-size: 1rem;\">Il pr\u00e9cise :<\/span><\/p>\n<ol>\n<li><span style=\"color: var( --e-global-color-text ); font-family: var( --e-global-typography-text-font-family ), Sans-serif; font-size: 1rem;\"><b>les moyens utilis\u00e9s<\/b><\/span><span style=\"color: var( --e-global-color-text ); font-family: var( --e-global-typography-text-font-family ), Sans-serif; font-weight: var( --e-global-typography-text-font-weight ); font-size: 1rem;\"> : d\u00e9tente musculaire, visualisation positive, relaxation dynamique, techniques de respiration&#8230;<\/span><\/li>\n<li><b>les engagements r\u00e9ciproques<\/b> :<br>&gt; pour le client : ponctualit\u00e9, motivation \u00e0 suivre le parcours d&#8217;accompagnement, volont\u00e9 \u00e0 suivre les r\u00e8gles des exercices recommand\u00e9s ;<br>&gt; pour le sophrologue : acceptation, non-jugement et respect de son client, instauration d&#8217;une relation bienveillante avec lui, confidentialit\u00e9 sur tout ce qui le concerne et bien s\u00fbr, sa ponctualit\u00e9 lors des s\u00e9ances.<\/li>\n<li><span style=\"color: var( --e-global-color-text ); font-family: var( --e-global-typography-text-font-family ), Sans-serif; text-align: var(--text-align); font-size: 1rem;\"><b>les modalit\u00e9s<\/b><\/span><span style=\"color: var( --e-global-color-text ); font-family: var( --e-global-typography-text-font-family ), Sans-serif; font-weight: var( --e-global-typography-text-font-weight ); text-align: var(--text-align); font-size: 1rem;\"> de l&#8217;accompagnement : selon son parcours, les tarifs, le lieu, la dur\u00e9e, la fr\u00e9quence et le nombre de s\u00e9ances.<\/span><\/li>\n<li><span style=\"color: var( --e-global-color-text ); font-family: var( --e-global-typography-text-font-family ), Sans-serif; font-weight: var( --e-global-typography-text-font-weight ); text-align: var(--text-align); font-size: 1rem;\">et enfin, <\/span><span style=\"color: var( --e-global-color-text ); font-family: var( --e-global-typography-text-font-family ), Sans-serif; text-align: var(--text-align); font-size: 1rem;\"><b>l&#8217;accord des deux parties<\/b><\/span><span style=\"color: var( --e-global-color-text ); font-family: var( --e-global-typography-text-font-family ), Sans-serif; font-weight: var( --e-global-typography-text-font-weight ); text-align: var(--text-align); font-size: 1rem;\"> avec l&#8217;acceptation verbale ou manuscrite du client notifiant son accord pour l&#8217;ensemble du contrat.<\/span><\/li>\n<\/ol>\t\t\t\t\t\t\t\t<\/div>\n\t\t\t\t<\/div>\n\t\t\t\t\t<\/div>\n\t\t\t\t<\/div>\n\t\t\t\t<\/div>\n\t\t","protected":false},"excerpt":{"rendered":"<p>En tant que sophrologue et professionnelle de la relation d&#8217;aide, je m&#8217;engage \u00e0 respecter une ligne de conduite pr\u00e9cise et rigoureuse afin d&#8217;\u00e9tablir avec mes clients : une relation authentique bas\u00e9e sur la confiance, un climat d&#8217;\u00e9coute propice \u00e0 l&#8217;expression libre, un espace o\u00f9 chacun, quelque soit son \u00e2ge, son origine, son identit\u00e9 sexuelle, sa &hellip; <\/p>\n<p class=\"link-more\"><a href=\"https:\/\/www.mysophrocultrice.fr\/index.php\/ethique-deontologie-et-contrat-therapeutique\/\" class=\"more-link\">Continue reading<span class=\"screen-reader-text\"> &#8220;Ethique, d\u00e9ontologie et contrat th\u00e9rapeutique&#8221;<\/span><\/a><\/p>\n","protected":false},"author":1,"featured_media":0,"parent":0,"menu_order":0,"comment_status":"closed","ping_status":"closed","template":"","meta":{"footnotes":""},"class_list":["post-67","page","type-page","status-publish","hentry"],"_links":{"self":[{"href":"https:\/\/www.mysophrocultrice.fr\/index.php\/wp-json\/wp\/v2\/pages\/67","targetHints":{"allow":["GET"]}}],"collection":[{"href":"https:\/\/www.mysophrocultrice.fr\/index.php\/wp-json\/wp\/v2\/pages"}],"about":[{"href":"https:\/\/www.mysophrocultrice.fr\/index.php\/wp-json\/wp\/v2\/types\/page"}],"author":[{"embeddable":true,"href":"https:\/\/www.mysophrocultrice.fr\/index.php\/wp-json\/wp\/v2\/users\/1"}],"replies":[{"embeddable":true,"href":"https:\/\/www.mysophrocultrice.fr\/index.php\/wp-json\/wp\/v2\/comments?post=67"}],"version-history":[{"count":11,"href":"https:\/\/www.mysophrocultrice.fr\/index.php\/wp-json\/wp\/v2\/pages\/67\/revisions"}],"predecessor-version":[{"id":181,"href":"https:\/\/www.mysophrocultrice.fr\/index.php\/wp-json\/wp\/v2\/pages\/67\/revisions\/181"}],"wp:attachment":[{"href":"https:\/\/www.mysophrocultrice.fr\/index.php\/wp-json\/wp\/v2\/media?parent=67"}],"curies":[{"name":"wp","href":"https:\/\/api.w.org\/{rel}","templated":true}]}}