{"id":78,"date":"2024-09-23T17:24:32","date_gmt":"2024-09-23T15:24:32","guid":{"rendered":"https:\/\/www.mysophrocultrice.fr\/?page_id=78"},"modified":"2024-09-23T17:24:32","modified_gmt":"2024-09-23T15:24:32","slug":"mentions-legales","status":"publish","type":"page","link":"https:\/\/www.mysophrocultrice.fr\/index.php\/mentions-legales\/","title":{"rendered":"Mentions l\u00e9gales"},"content":{"rendered":"\n<p><em><strong>Le site internet mysophrocultrice.fr est \u00e9dit\u00e9 par la soci\u00e9t\u00e9 :<\/strong><\/em><br>MySophroCultrice &#8211; Maya Delongeas Entrepreneur Individuel<br>Immatricul\u00e9e sous le num\u00e9ro 881 272 751 00028<br>Si\u00e8ge social : 28 Grande Rue 28700 B\u00e9ville-le-Comte<br><em>\u00ab\u00a0TVA non applicable \u2013 article 293 B du Code G\u00e9n\u00e9ral des Imp\u00f4ts\u00a0\u00bb<\/em><br>Contact : <a href=\"mailto:contact@mysophrocultrice.fr\">contact@mysophrocultrice.fr<\/a><\/p>\n\n\n\n<p><em><strong>Direct<\/strong><\/em><em><strong>rice<\/strong><\/em><em><strong> de la publication&nbsp;: <\/strong><\/em>Maya Delongeas<\/p>\n\n\n\n<p><em><strong>Le site internet mysophrocultrice.fr est h\u00e9berg\u00e9 par la soci\u00e9t\u00e9 :<\/strong><\/em><br>OVH<br>SAS au capital de 50.000.000 \u20ac<br>RCS Lille M\u00e9tropole 424 761 419 00045<br>Code APE 2620Z<br>N\u00b0 TVA : FR 22 424 761 419<br>Si\u00e8ge social : 2 rue Kellermann &#8211; 59100 Roubaix &#8211; France<\/p>\n\n\n\n<p><\/p>\n","protected":false},"excerpt":{"rendered":"<p>Le site internet mysophrocultrice.fr est \u00e9dit\u00e9 par la soci\u00e9t\u00e9 :MySophroCultrice &#8211; Maya Delongeas Entrepreneur IndividuelImmatricul\u00e9e sous le num\u00e9ro 881 272 751 00028Si\u00e8ge social : 28 Grande Rue 28700 B\u00e9ville-le-Comte\u00ab\u00a0TVA non applicable \u2013 article 293 B du Code G\u00e9n\u00e9ral des Imp\u00f4ts\u00a0\u00bbContact : contact@mysophrocultrice.fr Directrice de la publication&nbsp;: Maya Delongeas Le site internet mysophrocultrice.fr est h\u00e9berg\u00e9 par &hellip; <\/p>\n<p class=\"link-more\"><a href=\"https:\/\/www.mysophrocultrice.fr\/index.php\/mentions-legales\/\" class=\"more-link\">Continue reading<span class=\"screen-reader-text\"> &#8220;Mentions l\u00e9gales&#8221;<\/span><\/a><\/p>\n","protected":false},"author":1,"featured_media":0,"parent":0,"menu_order":0,"comment_status":"closed","ping_status":"closed","template":"","meta":{"footnotes":""},"class_list":["post-78","page","type-page","status-publish","hentry"],"_links":{"self":[{"href":"https:\/\/www.mysophrocultrice.fr\/index.php\/wp-json\/wp\/v2\/pages\/78","targetHints":{"allow":["GET"]}}],"collection":[{"href":"https:\/\/www.mysophrocultrice.fr\/index.php\/wp-json\/wp\/v2\/pages"}],"about":[{"href":"https:\/\/www.mysophrocultrice.fr\/index.php\/wp-json\/wp\/v2\/types\/page"}],"author":[{"embeddable":true,"href":"https:\/\/www.mysophrocultrice.fr\/index.php\/wp-json\/wp\/v2\/users\/1"}],"replies":[{"embeddable":true,"href":"https:\/\/www.mysophrocultrice.fr\/index.php\/wp-json\/wp\/v2\/comments?post=78"}],"version-history":[{"count":1,"href":"https:\/\/www.mysophrocultrice.fr\/index.php\/wp-json\/wp\/v2\/pages\/78\/revisions"}],"predecessor-version":[{"id":79,"href":"https:\/\/www.mysophrocultrice.fr\/index.php\/wp-json\/wp\/v2\/pages\/78\/revisions\/79"}],"wp:attachment":[{"href":"https:\/\/www.mysophrocultrice.fr\/index.php\/wp-json\/wp\/v2\/media?parent=78"}],"curies":[{"name":"wp","href":"https:\/\/api.w.org\/{rel}","templated":true}]}}