{"id":96,"date":"2024-09-23T15:41:09","date_gmt":"2024-09-23T13:41:09","guid":{"rendered":"https:\/\/www.mysophrocultrice.fr\/?page_id=96"},"modified":"2024-10-19T13:55:35","modified_gmt":"2024-10-19T11:55:35","slug":"bienvenue","status":"publish","type":"page","link":"https:\/\/www.mysophrocultrice.fr\/","title":{"rendered":"Bienvenue"},"content":{"rendered":"\t\t<div data-elementor-type=\"wp-page\" data-elementor-id=\"96\" class=\"elementor elementor-96\">\n\t\t\t\t<div class=\"elementor-element elementor-element-04df2ff e-flex e-con-boxed e-con e-parent\" data-id=\"04df2ff\" data-element_type=\"container\">\n\t\t\t\t\t<div class=\"e-con-inner\">\n\t\t\t\t<div class=\"elementor-element elementor-element-0a23c57 elementor-widget elementor-widget-image\" data-id=\"0a23c57\" data-element_type=\"widget\" data-widget_type=\"image.default\">\n\t\t\t\t<div class=\"elementor-widget-container\">\n\t\t\t\t\t\t\t\t\t\t\t\t\t\t\t<img fetchpriority=\"high\" decoding=\"async\" width=\"300\" height=\"300\" src=\"https:\/\/www.mysophrocultrice.fr\/wp-content\/uploads\/2024\/09\/Logo-couleur-fond-blanc-300x300.png\" class=\"attachment-medium size-medium wp-image-183\" alt=\"\" srcset=\"https:\/\/www.mysophrocultrice.fr\/wp-content\/uploads\/2024\/09\/Logo-couleur-fond-blanc-300x300.png 300w, https:\/\/www.mysophrocultrice.fr\/wp-content\/uploads\/2024\/09\/Logo-couleur-fond-blanc-1024x1024.png 1024w, https:\/\/www.mysophrocultrice.fr\/wp-content\/uploads\/2024\/09\/Logo-couleur-fond-blanc-150x150.png 150w, https:\/\/www.mysophrocultrice.fr\/wp-content\/uploads\/2024\/09\/Logo-couleur-fond-blanc-768x768.png 768w, https:\/\/www.mysophrocultrice.fr\/wp-content\/uploads\/2024\/09\/Logo-couleur-fond-blanc-100x100.png 100w, https:\/\/www.mysophrocultrice.fr\/wp-content\/uploads\/2024\/09\/Logo-couleur-fond-blanc.png 1080w\" sizes=\"100vw\" \/>\t\t\t\t\t\t\t\t\t\t\t\t\t\t\t<\/div>\n\t\t\t\t<\/div>\n\t\t\t\t\t<\/div>\n\t\t\t\t<\/div>\n\t\t<div class=\"elementor-element elementor-element-210aae08 e-flex e-con-boxed e-con e-parent\" data-id=\"210aae08\" data-element_type=\"container\">\n\t\t\t\t\t<div class=\"e-con-inner\">\n\t\t\t\t<div class=\"elementor-element elementor-element-401a9fe7 elementor-widget elementor-widget-text-editor\" data-id=\"401a9fe7\" data-element_type=\"widget\" data-widget_type=\"text-editor.default\">\n\t\t\t\t<div class=\"elementor-widget-container\">\n\t\t\t\t\t\t\t\t\t<p><\/p>\n<p>Qui n\u2019a jamais souffert de stress, de probl\u00e8mes de sommeil ou d\u2019un manque de confiance en soi&nbsp;?<\/p>\n<p><\/p>\n<p>Dans sa d\u00e9finition de la <strong>Sant\u00e9<\/strong>, l\u2019OMS indique qu\u2019elle est <em>\u00ab<\/em><em><strong>&nbsp;un \u00e9tat de complet bien-\u00eatre physique, mental et social, <\/strong><\/em><em>et ne consiste pas seulement en une absence de maladie ou d\u2019infirmit\u00e9<\/em><em>\u00bb<\/em>.<\/p>\n<p><\/p>\n<p>La sophrologie est une discipline \u00e0 vis\u00e9e th\u00e9rapeutique et de d\u00e9veloppement personnel, \u00e9galement consid\u00e9r\u00e9e comme une approche de sant\u00e9 alternative ou m\u00e9decine douce, qui s\u2019adresse \u00e0 toute personne d\u00e9sireuse d\u2019am\u00e9liorer son rapport \u00e0 la sant\u00e9 et\/ou son bien-\u00eatre.<\/p>\n<p><\/p>\n<p>Elle apporte des outils simples et efficaces pour am\u00e9liorer son quotidien, se pr\u00e9parer \u00e0 un \u00e9v\u00e8nement ou g\u00e9rer les effets d\u2019une maladie.<\/p>\n<p><\/p>\n<p>Cependant, en aucun cas, elle ne se substitue \u00e0 un avis m\u00e9dical, ne pose de diagnostic ni n\u2019interf\u00e8re dans tout traitement m\u00e9dical.<\/p>\n<p><\/p>\n<p>Elle se pratique lors de s\u00e9ances individuelles ou collectives, compos\u00e9es d\u2019exercices de respiration associ\u00e9s \u00e0 des mouvements doux et d\u2019exercices de visualisation.<\/p>\n<p><\/p>\n<p>Elle est un guide pr\u00e9cieux pour am\u00e9liorer sa relation \u00e0 soi-m\u00eame et aux autres&nbsp;; acc\u00e9der \u00e0 sa propre int\u00e9riorit\u00e9&nbsp;; retrouver confiance et estime de soi&nbsp;; \u00eatre accompagn\u00e9 dans ses projets pr\u00e9sents et \u00e0 venir pour qu\u2019ils deviennent r\u00e9alit\u00e9\u2026<\/p>\n<p><\/p>\n<p>Je suis Maya Delongeas, Sophrologue certifi\u00e9e RNCP et fondatrice de MyHappyCultrice puis de MySophroCultrice.<\/p>\n<p><\/p>\n<p>Je vous propose accompagnements personnalis\u00e9s et ateliers th\u00e9matiques afin de vous aider \u00e0 cultiver bien-\u00eatre et harmonie entre vos trois structures&nbsp;: corps, mental et \u00e9motions.<\/p>\n<p><\/p>\n<p>J\u2019interviens aupr\u00e8s des particuliers et organisations, dans une zone comprise entre Sud Yvelines, Sud Essonne, Nord Eure-et-Loir ainsi qu\u2019en visioconf\u00e9rence.<\/p>\n<p><\/p>\n<p>Mes domaines d\u2019expertise sont l\u2019accompagnement&nbsp;de la douleur chronique, des aidants familiaux, des personnalit\u00e9s atypiques et des probl\u00e9matiques rencontr\u00e9es par les organisations (<em>RSE, QVT, pr\u00e9vention des RPS<\/em>).<\/p>\n<p><\/p>\n<p>Vous avez besoin d\u2019am\u00e9liorer votre qualit\u00e9 de vie ou celle de vos collaborateurs&nbsp;?<\/p>\n<p><\/p>\n<p><\/p>\t\t\t\t\t\t\t\t<\/div>\n\t\t\t\t<\/div>\n\t\t\t\t\t<\/div>\n\t\t\t\t<\/div>\n\t\t<div class=\"elementor-element elementor-element-f882ae7 e-flex e-con-boxed e-con e-parent\" data-id=\"f882ae7\" data-element_type=\"container\">\n\t\t\t\t\t<div class=\"e-con-inner\">\n\t\t\t\t<div class=\"elementor-element elementor-element-1dd503e elementor-widget elementor-widget-button\" data-id=\"1dd503e\" data-element_type=\"widget\" data-widget_type=\"button.default\">\n\t\t\t\t<div class=\"elementor-widget-container\">\n\t\t\t\t\t\t\t\t\t<div class=\"elementor-button-wrapper\">\n\t\t\t\t\t<a class=\"elementor-button elementor-button-link elementor-size-sm\" href=\"https:\/\/www.mysophrocultrice.fr\/index.php\/contact\/\" target=\"_blank\">\n\t\t\t\t\t\t<span class=\"elementor-button-content-wrapper\">\n\t\t\t\t\t\t\t\t\t<span class=\"elementor-button-text\">Alors, prenons rendez-vous !<\/span>\n\t\t\t\t\t<\/span>\n\t\t\t\t\t<\/a>\n\t\t\t\t<\/div>\n\t\t\t\t\t\t\t\t<\/div>\n\t\t\t\t<\/div>\n\t\t\t\t\t<\/div>\n\t\t\t\t<\/div>\n\t\t<div class=\"elementor-element elementor-element-ac294a2 e-flex e-con-boxed e-con e-parent\" data-id=\"ac294a2\" data-element_type=\"container\">\n\t\t\t\t\t<div class=\"e-con-inner\">\n\t\t\t\t<div class=\"elementor-element elementor-element-b52c8d0 elementor-widget elementor-widget-image\" data-id=\"b52c8d0\" data-element_type=\"widget\" data-widget_type=\"image.default\">\n\t\t\t\t<div class=\"elementor-widget-container\">\n\t\t\t\t\t\t\t\t\t\t\t\t<figure class=\"wp-caption\">\n\t\t\t\t\t\t\t\t\t\t<img decoding=\"async\" width=\"488\" height=\"742\" src=\"https:\/\/www.mysophrocultrice.fr\/wp-content\/uploads\/2024\/09\/pexels-amina-filkins-5414339.jpg\" class=\"attachment-large size-large wp-image-26\" alt=\"\" srcset=\"https:\/\/www.mysophrocultrice.fr\/wp-content\/uploads\/2024\/09\/pexels-amina-filkins-5414339.jpg 488w, https:\/\/www.mysophrocultrice.fr\/wp-content\/uploads\/2024\/09\/pexels-amina-filkins-5414339-197x300.jpg 197w\" sizes=\"100vw\" \/>\t\t\t\t\t\t\t\t\t\t\t<figcaption class=\"widget-image-caption wp-caption-text\"><\/figcaption>\n\t\t\t\t\t\t\t\t\t\t<\/figure>\n\t\t\t\t\t\t\t\t\t<\/div>\n\t\t\t\t<\/div>\n\t\t\t\t\t<\/div>\n\t\t\t\t<\/div>\n\t\t\t\t<\/div>\n\t\t","protected":false},"excerpt":{"rendered":"<p>Qui n\u2019a jamais souffert de stress, de probl\u00e8mes de sommeil ou d\u2019un manque de confiance en soi&nbsp;? Dans sa d\u00e9finition de la Sant\u00e9, l\u2019OMS indique qu\u2019elle est \u00ab&nbsp;un \u00e9tat de complet bien-\u00eatre physique, mental et social, et ne consiste pas seulement en une absence de maladie ou d\u2019infirmit\u00e9\u00bb. La sophrologie est une discipline \u00e0 vis\u00e9e &hellip; <\/p>\n<p class=\"link-more\"><a href=\"https:\/\/www.mysophrocultrice.fr\/\" class=\"more-link\">Continue reading<span class=\"screen-reader-text\"> &#8220;Bienvenue&#8221;<\/span><\/a><\/p>\n","protected":false},"author":1,"featured_media":0,"parent":0,"menu_order":0,"comment_status":"closed","ping_status":"closed","template":"","meta":{"footnotes":""},"class_list":["post-96","page","type-page","status-publish","hentry"],"_links":{"self":[{"href":"https:\/\/www.mysophrocultrice.fr\/index.php\/wp-json\/wp\/v2\/pages\/96","targetHints":{"allow":["GET"]}}],"collection":[{"href":"https:\/\/www.mysophrocultrice.fr\/index.php\/wp-json\/wp\/v2\/pages"}],"about":[{"href":"https:\/\/www.mysophrocultrice.fr\/index.php\/wp-json\/wp\/v2\/types\/page"}],"author":[{"embeddable":true,"href":"https:\/\/www.mysophrocultrice.fr\/index.php\/wp-json\/wp\/v2\/users\/1"}],"replies":[{"embeddable":true,"href":"https:\/\/www.mysophrocultrice.fr\/index.php\/wp-json\/wp\/v2\/comments?post=96"}],"version-history":[{"count":21,"href":"https:\/\/www.mysophrocultrice.fr\/index.php\/wp-json\/wp\/v2\/pages\/96\/revisions"}],"predecessor-version":[{"id":235,"href":"https:\/\/www.mysophrocultrice.fr\/index.php\/wp-json\/wp\/v2\/pages\/96\/revisions\/235"}],"wp:attachment":[{"href":"https:\/\/www.mysophrocultrice.fr\/index.php\/wp-json\/wp\/v2\/media?parent=96"}],"curies":[{"name":"wp","href":"https:\/\/api.w.org\/{rel}","templated":true}]}}